{"id":10,"date":"2024-03-16T08:04:57","date_gmt":"2024-03-16T08:04:57","guid":{"rendered":"https:\/\/aol.gen.tr\/?page_id=10"},"modified":"2024-03-17T13:37:11","modified_gmt":"2024-03-17T10:37:11","slug":"portfoy","status":"publish","type":"page","link":"https:\/\/aol.gen.tr\/?page_id=10","title":{"rendered":"Portf\u00f6y"},"content":{"rendered":"\n<p><strong><font size=\"5\"><mark style=\"background-color:rgba(0, 0, 0, 0)\" class=\"has-inline-color has-secondary-bg-color-color\">Portf\u00f6y\u00fcm\u00fcz<\/mark><\/font><\/strong><\/p>\n\n\n\n<figure class=\"wp-block-table is-style-regular\"><table><tbody><tr><td class=\"has-text-align-center\" data-align=\"center\"><a href=\"http:\/\/www.anadolusigorta.com.tr\"><img loading=\"lazy\" decoding=\"async\" width=\"150\" height=\"150\" class=\"wp-image-92\" style=\"width: 150px;\" src=\"https:\/\/aol.gen.tr\/wp-content\/uploads\/2024\/03\/1_thumb.jpg\" alt=\"\" srcset=\"https:\/\/aol.gen.tr\/wp-content\/uploads\/2024\/03\/1_thumb.jpg 165w, https:\/\/aol.gen.tr\/wp-content\/uploads\/2024\/03\/1_thumb-150x150.jpg 150w\" sizes=\"auto, (max-width: 150px) 100vw, 150px\" \/><\/a><\/td><td class=\"has-text-align-center\" data-align=\"center\"><a href=\"http:\/\/www.aksigorta.com.tr\"><img loading=\"lazy\" decoding=\"async\" width=\"150\" height=\"98\" class=\"wp-image-93\" style=\"width: 150px;\" src=\"https:\/\/aol.gen.tr\/wp-content\/uploads\/2024\/03\/7_thumb.jpg\" alt=\"\"><\/a><\/td><td class=\"has-text-align-center\" data-align=\"center\"><a href=\"https:\/\/www.ankarasigorta.com.tr\"><img loading=\"lazy\" decoding=\"async\" width=\"150\" height=\"98\" class=\"wp-image-94\" style=\"width: 150px;\" src=\"https:\/\/aol.gen.tr\/wp-content\/uploads\/2024\/03\/22_thumb.jpg\" alt=\"\"><\/a><\/td><td class=\"has-text-align-center\" data-align=\"center\"><a href=\"http:\/\/www.allianz.com.tr\"><img loading=\"lazy\" decoding=\"async\" width=\"150\" height=\"150\" class=\"wp-image-95\" style=\"width: 150px;\" src=\"https:\/\/aol.gen.tr\/wp-content\/uploads\/2024\/03\/8_thumb.jpg\" alt=\"\" srcset=\"https:\/\/aol.gen.tr\/wp-content\/uploads\/2024\/03\/8_thumb.jpg 165w, https:\/\/aol.gen.tr\/wp-content\/uploads\/2024\/03\/8_thumb-150x150.jpg 150w\" sizes=\"auto, (max-width: 150px) 100vw, 150px\" \/><\/a><\/td><\/tr><tr><td class=\"has-text-align-center\" data-align=\"center\"> <a href=\"http:\/\/www.bnpparibascardif.com.tr\"><img loading=\"lazy\" decoding=\"async\" width=\"150\" height=\"150\" class=\"wp-image-96\" style=\"width: 150px;\" src=\"https:\/\/aol.gen.tr\/wp-content\/uploads\/2024\/03\/5_thumb.jpg\" alt=\"\" srcset=\"https:\/\/aol.gen.tr\/wp-content\/uploads\/2024\/03\/5_thumb.jpg 165w, https:\/\/aol.gen.tr\/wp-content\/uploads\/2024\/03\/5_thumb-150x150.jpg 150w\" sizes=\"auto, (max-width: 150px) 100vw, 150px\" \/><\/a><\/td><td class=\"has-text-align-center\" data-align=\"center\"> <a href=\"https:\/\/www.dogasigorta.com\"><img loading=\"lazy\" decoding=\"async\" width=\"150\" height=\"98\" class=\"wp-image-97\" style=\"width: 150px;\" src=\"https:\/\/aol.gen.tr\/wp-content\/uploads\/2024\/03\/13_thumb.jpg\" alt=\"\"><\/a><\/td><td class=\"has-text-align-center\" data-align=\"center\"><a href=\"http:\/\/www.groupama.com.tr\"><img loading=\"lazy\" decoding=\"async\" width=\"150\" height=\"150\" class=\"wp-image-98\" style=\"width: 150px;\" src=\"https:\/\/aol.gen.tr\/wp-content\/uploads\/2024\/03\/6_thumb.jpg\" alt=\"\" srcset=\"https:\/\/aol.gen.tr\/wp-content\/uploads\/2024\/03\/6_thumb.jpg 165w, https:\/\/aol.gen.tr\/wp-content\/uploads\/2024\/03\/6_thumb-150x150.jpg 150w\" sizes=\"auto, (max-width: 150px) 100vw, 150px\" \/><\/a> <\/td><td class=\"has-text-align-center\" data-align=\"center\"> <a href=\"https:\/\/www.hdisigorta.com.tr\"><img loading=\"lazy\" decoding=\"async\" width=\"150\" height=\"98\" class=\"wp-image-99\" style=\"width: 150px;\" src=\"https:\/\/aol.gen.tr\/wp-content\/uploads\/2024\/03\/29_thumb.jpg\" alt=\"\"><\/a><\/td><\/tr><tr><td class=\"has-text-align-center\" data-align=\"center\"> <img loading=\"lazy\" decoding=\"async\" width=\"150\" height=\"98\" class=\"wp-image-100\" style=\"width: 150px;\" src=\"https:\/\/aol.gen.tr\/wp-content\/uploads\/2024\/03\/19_thumb.png\" alt=\"\"><\/td><td class=\"has-text-align-center\" data-align=\"center\"> <a href=\"https:\/\/grisigorta.com.tr\"><img loading=\"lazy\" decoding=\"async\" width=\"150\" height=\"98\" class=\"wp-image-109\" style=\"width: 150px;\" src=\"https:\/\/aol.gen.tr\/wp-content\/uploads\/2024\/03\/30_thumb.jpg\" alt=\"\"><\/a><\/td><td class=\"has-text-align-center\" data-align=\"center\"> <a href=\"https:\/\/www.korusigorta.com.tr\"><img loading=\"lazy\" decoding=\"async\" width=\"150\" height=\"98\" class=\"wp-image-102\" style=\"width: 150px;\" src=\"https:\/\/aol.gen.tr\/wp-content\/uploads\/2024\/03\/17_thumb.jpg\" alt=\"\"><\/a><\/td><td class=\"has-text-align-center\" data-align=\"center\"> <a href=\"https:\/\/www.magdeburger.com.tr\"><img loading=\"lazy\" decoding=\"async\" width=\"150\" height=\"98\" class=\"wp-image-108\" style=\"width: 150px;\" src=\"https:\/\/aol.gen.tr\/wp-content\/uploads\/2024\/03\/28_thumb.jpg\" alt=\"\"><\/a><\/td><\/tr><tr><td class=\"has-text-align-center\" data-align=\"center\"> <a href=\"http:\/\/www.mapfre.com.tr\"><img loading=\"lazy\" decoding=\"async\" width=\"150\" height=\"98\" class=\"wp-image-103\" style=\"width: 150px;\" src=\"https:\/\/aol.gen.tr\/wp-content\/uploads\/2024\/03\/21_thumb.jpg\" alt=\"\"><\/a><\/td><td class=\"has-text-align-center\" data-align=\"center\"> <a href=\"http:\/\/www.raysigorta.com.tr\"><img loading=\"lazy\" decoding=\"async\" width=\"150\" height=\"98\" class=\"wp-image-106\" style=\"width: 150px;\" src=\"https:\/\/aol.gen.tr\/wp-content\/uploads\/2024\/03\/26_thumb.jpg\" alt=\"\"><\/a><\/td><td class=\"has-text-align-center\" data-align=\"center\"> <a href=\"http:\/\/www.somposigorta.com.tr\"><img loading=\"lazy\" decoding=\"async\" width=\"150\" height=\"98\" class=\"wp-image-105\" style=\"width: 150px;\" src=\"https:\/\/aol.gen.tr\/wp-content\/uploads\/2024\/03\/25_thumb.jpg\" alt=\"\"><\/a><\/td><td class=\"has-text-align-center\" data-align=\"center\"> <a href=\"http:\/\/www.sekersigorta.com.tr\"><img loading=\"lazy\" decoding=\"async\" width=\"150\" height=\"98\" class=\"wp-image-101\" style=\"width: 150px;\" src=\"https:\/\/aol.gen.tr\/wp-content\/uploads\/2024\/03\/12_thumb.jpg\" alt=\"\"><\/a><\/td><\/tr><tr><td class=\"has-text-align-center\" data-align=\"center\"> <a href=\"http:\/\/www.quicksigorta.com\"><img loading=\"lazy\" decoding=\"async\" width=\"150\" height=\"98\" class=\"wp-image-107\" style=\"width: 150px;\" src=\"https:\/\/aol.gen.tr\/wp-content\/uploads\/2024\/03\/27_thumb.jpg\" alt=\"\"><\/a><\/td><td class=\"has-text-align-center\" data-align=\"center\"><a href=\"https:\/\/www.turkiyesigorta.com.tr\"><img loading=\"lazy\" decoding=\"async\" width=\"150\" height=\"98\" class=\"wp-image-104\" style=\"width: 150px;\" src=\"https:\/\/aol.gen.tr\/wp-content\/uploads\/2024\/03\/24_thumb.jpg\" alt=\"\"><\/a>&nbsp;<\/td><td class=\"has-text-align-center\" data-align=\"center\">&nbsp;<a href=\"https:\/\/www.unicosigorta.com.tr\"><img loading=\"lazy\" decoding=\"async\" width=\"150\" height=\"98\" class=\"wp-image-113\" style=\"width: 150px;\" src=\"https:\/\/aol.gen.tr\/wp-content\/uploads\/2024\/03\/16_thumb.jpg\" alt=\"\"><\/a><\/td><td class=\"has-text-align-center\" data-align=\"center\"><img loading=\"lazy\" decoding=\"async\" width=\"150\" height=\"150\" class=\"wp-image-114\" style=\"width: 150px;\" src=\"https:\/\/aol.gen.tr\/wp-content\/uploads\/2024\/03\/10_thumb.jpg\" alt=\"\" srcset=\"https:\/\/aol.gen.tr\/wp-content\/uploads\/2024\/03\/10_thumb.jpg 165w, https:\/\/aol.gen.tr\/wp-content\/uploads\/2024\/03\/10_thumb-150x150.jpg 150w\" sizes=\"auto, (max-width: 150px) 100vw, 150px\" \/>&nbsp;<\/td><\/tr><\/tbody><\/table><\/figure>\n\n\n\n<p><\/p>\n","protected":false},"excerpt":{"rendered":"<p>Portf\u00f6y\u00fcm\u00fcz &nbsp; &nbsp; &nbsp;<\/p>\n","protected":false},"author":1,"featured_media":0,"parent":0,"menu_order":0,"comment_status":"closed","ping_status":"closed","template":"","meta":{"footnotes":""},"class_list":["post-10","page","type-page","status-publish","hentry"],"_links":{"self":[{"href":"https:\/\/aol.gen.tr\/index.php?rest_route=\/wp\/v2\/pages\/10","targetHints":{"allow":["GET"]}}],"collection":[{"href":"https:\/\/aol.gen.tr\/index.php?rest_route=\/wp\/v2\/pages"}],"about":[{"href":"https:\/\/aol.gen.tr\/index.php?rest_route=\/wp\/v2\/types\/page"}],"author":[{"embeddable":true,"href":"https:\/\/aol.gen.tr\/index.php?rest_route=\/wp\/v2\/users\/1"}],"replies":[{"embeddable":true,"href":"https:\/\/aol.gen.tr\/index.php?rest_route=%2Fwp%2Fv2%2Fcomments&post=10"}],"version-history":[{"count":14,"href":"https:\/\/aol.gen.tr\/index.php?rest_route=\/wp\/v2\/pages\/10\/revisions"}],"predecessor-version":[{"id":299,"href":"https:\/\/aol.gen.tr\/index.php?rest_route=\/wp\/v2\/pages\/10\/revisions\/299"}],"wp:attachment":[{"href":"https:\/\/aol.gen.tr\/index.php?rest_route=%2Fwp%2Fv2%2Fmedia&parent=10"}],"curies":[{"name":"wp","href":"https:\/\/api.w.org\/{rel}","templated":true}]}}