{"id":263,"date":"2024-03-17T12:53:27","date_gmt":"2024-03-17T09:53:27","guid":{"rendered":"https:\/\/aol.gen.tr\/?page_id=263"},"modified":"2024-03-17T13:46:02","modified_gmt":"2024-03-17T10:46:02","slug":"trafik-sigortasi","status":"publish","type":"page","link":"https:\/\/aol.gen.tr\/?page_id=263","title":{"rendered":"Trafik Sigortas\u0131"},"content":{"rendered":"\n<p><strong><font size=\"5\"><mark style=\"background-color:rgba(0, 0, 0, 0)\" class=\"has-inline-color has-secondary-bg-color-color\">Trafik Sigortas\u0131<\/mark><\/font><\/strong><\/p>\n\n\n\n<p>Trafik Sigortas\u0131\u2019n\u0131n kapsam\u0131nda; sigortac\u0131, poli\u00e7ede tan\u0131mlanan motorlu arac\u0131n i\u015fletilmesi s\u0131ras\u0131nda, bir kimsenin \u00f6l\u00fcm\u00fcne veya yaralanmas\u0131na veya bir \u015feyin zarara u\u011framas\u0131na sebebiyet vermi\u015f ise Karayollar\u0131 Trafik Kanunu&#8217;na g\u00f6re, i\u015fletene d\u00fc\u015fen hukuki sorumlulu\u011fu, zorunlu sigorta limitlerine kadar temin edilir.<\/p>\n\n\n\n<p>Meydana gelen bir kazada zarar\u0131n \u00f6nlenmesi veya azalt\u0131lmas\u0131 amac\u0131yla, sigorta ettirenin yapaca\u011f\u0131 makul ve zorunlu masraflar sigortac\u0131 taraf\u0131ndan kar\u015f\u0131lan\u0131r.<br>\u00a0<br>Trafik Sigortas\u0131 genellikle Kasko Sigortas\u0131 ile kar\u0131\u015ft\u0131r\u0131l\u0131r. Trafik Sigortas\u0131\u2019n\u0131n Kasko Sigortas\u0131\u2019ndan fark\u0131, sigortay\u0131 yapt\u0131ran\u0131n arac\u0131n\u0131n de\u011fil; kar\u015f\u0131 taraf\u0131n hasar g\u00f6ren arac\u0131n\u0131n zararlar\u0131n\u0131n kar\u015f\u0131lanmas\u0131na y\u00f6nelik zorunlu bir sigortad\u0131r.<br><br>Trafik Sigortas\u0131 ile,<br>Artan Mali Sorumluluk (\u0130MM),<br>Koltuk Ferdi Kaza (KFK),<br>Hizmet \u2013 Trafik teminatlar\u0131 da bir arada al\u0131nabilmektedir.<br><br>Buna g\u00f6re Trafik Sigortas\u0131 \u00fcr\u00fcnlerimiz a\u015fa\u011f\u0131daki alternatiflerden biri ile sunulmaktad\u0131r;<br>Ekstra Trafik Sigortas\u0131,<br>S\u00fcper Trafik Sigortas\u0131,<br>S\u0131n\u0131rs\u0131z Trafik Sigortas\u0131,<\/p>\n\n\n\n<p><\/p>\n","protected":false},"excerpt":{"rendered":"<p>Trafik Sigortas\u0131 Trafik Sigortas\u0131\u2019n\u0131n kapsam\u0131nda; sigortac\u0131, poli\u00e7ede tan\u0131mlanan motorlu arac\u0131n i\u015fletilmesi s\u0131ras\u0131nda, bir kimsenin \u00f6l\u00fcm\u00fcne veya yaralanmas\u0131na veya bir \u015feyin zarara u\u011framas\u0131na sebebiyet vermi\u015f ise Karayollar\u0131 Trafik Kanunu&#8217;na g\u00f6re, i\u015fletene d\u00fc\u015fen hukuki sorumlulu\u011fu, zorunlu sigorta limitlerine kadar temin edilir. Meydana gelen bir kazada zarar\u0131n \u00f6nlenmesi veya azalt\u0131lmas\u0131 amac\u0131yla, sigorta ettirenin yapaca\u011f\u0131 makul ve zorunlu masraflar [&hellip;]<\/p>\n","protected":false},"author":1,"featured_media":0,"parent":0,"menu_order":0,"comment_status":"closed","ping_status":"closed","template":"","meta":{"footnotes":""},"class_list":["post-263","page","type-page","status-publish","hentry"],"_links":{"self":[{"href":"https:\/\/aol.gen.tr\/index.php?rest_route=\/wp\/v2\/pages\/263","targetHints":{"allow":["GET"]}}],"collection":[{"href":"https:\/\/aol.gen.tr\/index.php?rest_route=\/wp\/v2\/pages"}],"about":[{"href":"https:\/\/aol.gen.tr\/index.php?rest_route=\/wp\/v2\/types\/page"}],"author":[{"embeddable":true,"href":"https:\/\/aol.gen.tr\/index.php?rest_route=\/wp\/v2\/users\/1"}],"replies":[{"embeddable":true,"href":"https:\/\/aol.gen.tr\/index.php?rest_route=%2Fwp%2Fv2%2Fcomments&post=263"}],"version-history":[{"count":3,"href":"https:\/\/aol.gen.tr\/index.php?rest_route=\/wp\/v2\/pages\/263\/revisions"}],"predecessor-version":[{"id":310,"href":"https:\/\/aol.gen.tr\/index.php?rest_route=\/wp\/v2\/pages\/263\/revisions\/310"}],"wp:attachment":[{"href":"https:\/\/aol.gen.tr\/index.php?rest_route=%2Fwp%2Fv2%2Fmedia&parent=263"}],"curies":[{"name":"wp","href":"https:\/\/api.w.org\/{rel}","templated":true}]}}