{"id":28,"date":"2024-03-16T08:39:52","date_gmt":"2024-03-16T08:39:52","guid":{"rendered":"https:\/\/aol.gen.tr\/?page_id=28"},"modified":"2024-03-17T00:43:19","modified_gmt":"2024-03-16T21:43:19","slug":"iletisim","status":"publish","type":"page","link":"https:\/\/aol.gen.tr\/?page_id=28","title":{"rendered":"\u0130leti\u015fim Bilgileri"},"content":{"rendered":"\n<p><\/p>\n\n\n\n<p><strong><mark style=\"background-color:rgba(0, 0, 0, 0);color:#800000\" class=\"has-inline-color\">Art\u0131 Olu\u015fum Sigorta (Merkez)<\/mark><\/strong><\/p>\n\n\n\n<p><strong>Adres<\/strong> : Aziziye Mah. Cinnah Cad. No 50\/12 \u00c7ankaya \/ Ankara<\/p>\n\n\n\n<p><strong>Telefon<\/strong> : +90 312 468 34 50<\/p>\n\n\n\n<p><strong>Faks<\/strong> : +90 312 468 34 56<\/p>\n\n\n\n<p><strong>E-Posta<\/strong> : <a href=\"mailto:bilgi@aol.gen.tr\">bilgi@aol.gen.tr<\/a><\/p>\n\n\n\n<p><mark style=\"background-color:rgba(0, 0, 0, 0);color:#800000\" class=\"has-inline-color\"><strong>Art\u0131 Olu\u015fum Sigorta(\u015eube)<\/strong><\/mark><br><mark style=\"background-color:rgba(0, 0, 0, 0);color:#800000\" class=\"has-inline-color\"><br><\/mark><strong>Adres<\/strong> : S\u00fcmer Mah. 2482\/2 Sok. Sky City No:4\/1 D:73 Merkezefendi \/ Denizli<\/p>\n\n\n\n<p><strong>Telefon<\/strong> : +90 258 264 68 69<\/p>\n\n\n\n<p><strong>Faks<\/strong> : +90 258 265 66 64<\/p>\n\n\n\n<p><strong>E-Posta<\/strong> : <a href=\"mailto:bilgi@aol.gen.tr\">bilgi@aol.gen.tr<\/a><\/p>\n\n\n\n<p><\/p>\n","protected":false},"excerpt":{"rendered":"<p>Art\u0131 Olu\u015fum Sigorta (Merkez) Adres : Aziziye Mah. Cinnah Cad. No 50\/12 \u00c7ankaya \/ Ankara Telefon : +90 312 468 34 50 Faks : +90 312 468 34 56 E-Posta : bilgi@aol.gen.tr Art\u0131 Olu\u015fum Sigorta(\u015eube)Adres : S\u00fcmer Mah. 2482\/2 Sok. Sky City No:4\/1 D:73 Merkezefendi \/ Denizli Telefon : +90 258 264 68 69 Faks [&hellip;]<\/p>\n","protected":false},"author":1,"featured_media":0,"parent":0,"menu_order":0,"comment_status":"closed","ping_status":"closed","template":"","meta":{"footnotes":""},"class_list":["post-28","page","type-page","status-publish","hentry"],"_links":{"self":[{"href":"https:\/\/aol.gen.tr\/index.php?rest_route=\/wp\/v2\/pages\/28","targetHints":{"allow":["GET"]}}],"collection":[{"href":"https:\/\/aol.gen.tr\/index.php?rest_route=\/wp\/v2\/pages"}],"about":[{"href":"https:\/\/aol.gen.tr\/index.php?rest_route=\/wp\/v2\/types\/page"}],"author":[{"embeddable":true,"href":"https:\/\/aol.gen.tr\/index.php?rest_route=\/wp\/v2\/users\/1"}],"replies":[{"embeddable":true,"href":"https:\/\/aol.gen.tr\/index.php?rest_route=%2Fwp%2Fv2%2Fcomments&post=28"}],"version-history":[{"count":11,"href":"https:\/\/aol.gen.tr\/index.php?rest_route=\/wp\/v2\/pages\/28\/revisions"}],"predecessor-version":[{"id":237,"href":"https:\/\/aol.gen.tr\/index.php?rest_route=\/wp\/v2\/pages\/28\/revisions\/237"}],"wp:attachment":[{"href":"https:\/\/aol.gen.tr\/index.php?rest_route=%2Fwp%2Fv2%2Fmedia&parent=28"}],"curies":[{"name":"wp","href":"https:\/\/api.w.org\/{rel}","templated":true}]}}