{"id":58,"date":"2024-03-16T09:30:20","date_gmt":"2024-03-16T09:30:20","guid":{"rendered":"https:\/\/aol.gen.tr\/?page_id=58"},"modified":"2024-03-17T13:29:12","modified_gmt":"2024-03-17T10:29:12","slug":"kasko-ve-trafik-sigortasi","status":"publish","type":"page","link":"https:\/\/aol.gen.tr\/?page_id=58","title":{"rendered":"Kasko"},"content":{"rendered":"\n<p><strong><font size=\"5\"><mark style=\"background-color:rgba(0, 0, 0, 0)\" class=\"has-inline-color has-secondary-bg-color-color\">Kasko<\/mark><\/font><\/strong><\/p>\n\n\n\n<p>Kasko Sigortas\u0131, herhangi bir motorlu kara ta\u015f\u0131t\u0131n\u0131n sigortal\u0131 ki\u015finin iradesi d\u0131\u015f\u0131nda ara\u00e7 hareket halindeyken ya da dururken hasara u\u011framas\u0131, \u00e7al\u0131nmas\u0131, yanmas\u0131 ve kaza gibi durumlarda sigorta sahibine tazminat \u00f6denmesini sa\u011flar.<br>Kasko Sigortas\u0131, zorunlu Trafik Sigorta\u2019s\u0131n\u0131n aksine kar\u015f\u0131 taraftaki arac\u0131 de\u011fil; sigorta sahibinin kendi arac\u0131n\u0131 g\u00fcvence alt\u0131na almas\u0131n\u0131 sa\u011flar ki bu durum Kasko ve Trafik sigortalar\u0131 aras\u0131ndaki farkt\u0131r.<br>\u0130ste\u011fe ba\u011fl\u0131 sigortalar aras\u0131nda yer alan Kasko Sigortas\u0131\u2019n\u0131n avantajl\u0131 ve kapsaml\u0131 sigorta poli\u00e7eleriyle birlikte g\u00fc\u00e7lendirebilir, araba s\u00fcrme keyfinize g\u00fcveni ve huzuru ekleyebilirsiniz.<\/p>\n\n\n\n<p><\/p>\n","protected":false},"excerpt":{"rendered":"<p>Kasko Kasko Sigortas\u0131, herhangi bir motorlu kara ta\u015f\u0131t\u0131n\u0131n sigortal\u0131 ki\u015finin iradesi d\u0131\u015f\u0131nda ara\u00e7 hareket halindeyken ya da dururken hasara u\u011framas\u0131, \u00e7al\u0131nmas\u0131, yanmas\u0131 ve kaza gibi durumlarda sigorta sahibine tazminat \u00f6denmesini sa\u011flar.Kasko Sigortas\u0131, zorunlu Trafik Sigorta\u2019s\u0131n\u0131n aksine kar\u015f\u0131 taraftaki arac\u0131 de\u011fil; sigorta sahibinin kendi arac\u0131n\u0131 g\u00fcvence alt\u0131na almas\u0131n\u0131 sa\u011flar ki bu durum Kasko ve Trafik sigortalar\u0131 [&hellip;]<\/p>\n","protected":false},"author":1,"featured_media":0,"parent":0,"menu_order":0,"comment_status":"closed","ping_status":"closed","template":"","meta":{"footnotes":""},"class_list":["post-58","page","type-page","status-publish","hentry"],"_links":{"self":[{"href":"https:\/\/aol.gen.tr\/index.php?rest_route=\/wp\/v2\/pages\/58","targetHints":{"allow":["GET"]}}],"collection":[{"href":"https:\/\/aol.gen.tr\/index.php?rest_route=\/wp\/v2\/pages"}],"about":[{"href":"https:\/\/aol.gen.tr\/index.php?rest_route=\/wp\/v2\/types\/page"}],"author":[{"embeddable":true,"href":"https:\/\/aol.gen.tr\/index.php?rest_route=\/wp\/v2\/users\/1"}],"replies":[{"embeddable":true,"href":"https:\/\/aol.gen.tr\/index.php?rest_route=%2Fwp%2Fv2%2Fcomments&post=58"}],"version-history":[{"count":20,"href":"https:\/\/aol.gen.tr\/index.php?rest_route=\/wp\/v2\/pages\/58\/revisions"}],"predecessor-version":[{"id":285,"href":"https:\/\/aol.gen.tr\/index.php?rest_route=\/wp\/v2\/pages\/58\/revisions\/285"}],"wp:attachment":[{"href":"https:\/\/aol.gen.tr\/index.php?rest_route=%2Fwp%2Fv2%2Fmedia&parent=58"}],"curies":[{"name":"wp","href":"https:\/\/api.w.org\/{rel}","templated":true}]}}