{"id":60,"date":"2024-03-16T09:33:03","date_gmt":"2024-03-16T09:33:03","guid":{"rendered":"https:\/\/aol.gen.tr\/?page_id=60"},"modified":"2024-03-17T13:41:24","modified_gmt":"2024-03-17T10:41:24","slug":"konut-isyeri-sigortasi","status":"publish","type":"page","link":"https:\/\/aol.gen.tr\/?page_id=60","title":{"rendered":"Konut &#8211; \u0130\u015fyeri Sigortas\u0131"},"content":{"rendered":"\n<p><strong><font size=\"5\"><mark style=\"background-color:rgba(0, 0, 0, 0)\" class=\"has-inline-color has-secondary-bg-color-color\">Konut &#8211; \u0130\u015fyeri Sigortas\u0131<\/mark><\/font><\/strong><\/p>\n\n\n\n<p>Konut Sigortas\u0131 ve \u0130\u015fyeri sigortas\u0131&nbsp;\u00fcr\u00fcnlerimiz, eviniz veya i\u015fyerinizin&nbsp;i\u00e7indeki e\u015fyalar\u0131,makinalar\u0131,emtealar\u0131 yang\u0131ndan h\u0131rs\u0131zl\u0131\u011fa, depremden su bask\u0131n\u0131na kadar pek \u00e7ok riske kar\u015f\u0131 koruma alt\u0131na alan geni\u015f kapsaml\u0131 ve &#8220;ki\u015fiye ve kuruma&nbsp;\u00f6zel&#8221; bir paket sigorta uygulamas\u0131d\u0131r.<\/p>\n\n\n\n<p>Evinizin veya \u0130\u015fyerinizin&nbsp;i\u00e7erisindeki e\u015fyalar\u0131n ,mallar\u0131n\u0131z\u0131n kullan\u0131lamaz veya&nbsp;oturulamaz hale geldi\u011fi durumlarda, ta\u015f\u0131nma veya enkaz kald\u0131rma gibi giderler sizi ma\u011fdur edebilir. Ayr\u0131ca evinizde veya i\u015fyerinizde&nbsp;olu\u015fabilecek hasarlar y\u00fcz\u00fcnden kirac\u0131n\u0131z\u0131 ta\u015f\u0131nmak zorunda b\u0131rakabilir, bu nedenle kira gelirinizden mahrum olabilirsiniz. Firmam\u0131z\u0131n, sunmu\u015f oldu\u011fu Konut Sigortas\u0131 ve \u0130\u015fyeri Sigortas\u0131&nbsp;\u00fcr\u00fcnleri ile sizi buna benzer olu\u015fabilecek bir\u00e7ok y\u00fckten kurtar\u0131r.<\/p>\n\n\n\n<p><strong>Neden Konut Sigortas\u0131 Almal\u0131y\u0131m?<\/strong><\/p>\n\n\n\n<p>Konut Sigortas\u0131, tek bir poli\u00e7e ile bir\u00e7ok durum i\u00e7in g\u00fcvence sunmaktad\u0131r. Yang\u0131n, deprem, f\u0131rt\u0131na, sel ve su bask\u0131n\u0131 gibi durumlar sonucu evdeki e\u015fyalar\u0131n teminat alt\u0131na al\u0131nmas\u0131 konut paket sigortas\u0131n\u0131n kapsam\u0131ndad\u0131r.<br><br>Konut Sigortas\u0131 kapsam\u0131nda sigortal\u0131lar\u0131m\u0131z\u0131n hayat\u0131n\u0131 kolayla\u015ft\u0131racak ve herhangi bir ek \u00fccret istemeden verilen asistans hizmetlerini de sunuyoruz. Bunlar; konutta meydana gelen hasar sonucu olu\u015fan tesisat ve elektrik sorunlar\u0131n\u0131n tamirat\u0131ndan, doktor veya ambulans g\u00f6nderilmesine, otel hizmetine veya konutun fatura \u00f6demelerine destek vermeye kadar, geni\u015f bir yelpazede bulunmaktad\u0131r.<\/p>\n\n\n\n<p><\/p>\n\n\n\n<p><\/p>\n","protected":false},"excerpt":{"rendered":"<p>Konut &#8211; \u0130\u015fyeri Sigortas\u0131 Konut Sigortas\u0131 ve \u0130\u015fyeri sigortas\u0131&nbsp;\u00fcr\u00fcnlerimiz, eviniz veya i\u015fyerinizin&nbsp;i\u00e7indeki e\u015fyalar\u0131,makinalar\u0131,emtealar\u0131 yang\u0131ndan h\u0131rs\u0131zl\u0131\u011fa, depremden su bask\u0131n\u0131na kadar pek \u00e7ok riske kar\u015f\u0131 koruma alt\u0131na alan geni\u015f kapsaml\u0131 ve &#8220;ki\u015fiye ve kuruma&nbsp;\u00f6zel&#8221; bir paket sigorta uygulamas\u0131d\u0131r. Evinizin veya \u0130\u015fyerinizin&nbsp;i\u00e7erisindeki e\u015fyalar\u0131n ,mallar\u0131n\u0131z\u0131n kullan\u0131lamaz veya&nbsp;oturulamaz hale geldi\u011fi durumlarda, ta\u015f\u0131nma veya enkaz kald\u0131rma gibi giderler sizi ma\u011fdur edebilir. [&hellip;]<\/p>\n","protected":false},"author":1,"featured_media":0,"parent":0,"menu_order":0,"comment_status":"closed","ping_status":"closed","template":"","meta":{"footnotes":""},"class_list":["post-60","page","type-page","status-publish","hentry"],"_links":{"self":[{"href":"https:\/\/aol.gen.tr\/index.php?rest_route=\/wp\/v2\/pages\/60","targetHints":{"allow":["GET"]}}],"collection":[{"href":"https:\/\/aol.gen.tr\/index.php?rest_route=\/wp\/v2\/pages"}],"about":[{"href":"https:\/\/aol.gen.tr\/index.php?rest_route=\/wp\/v2\/types\/page"}],"author":[{"embeddable":true,"href":"https:\/\/aol.gen.tr\/index.php?rest_route=\/wp\/v2\/users\/1"}],"replies":[{"embeddable":true,"href":"https:\/\/aol.gen.tr\/index.php?rest_route=%2Fwp%2Fv2%2Fcomments&post=60"}],"version-history":[{"count":5,"href":"https:\/\/aol.gen.tr\/index.php?rest_route=\/wp\/v2\/pages\/60\/revisions"}],"predecessor-version":[{"id":305,"href":"https:\/\/aol.gen.tr\/index.php?rest_route=\/wp\/v2\/pages\/60\/revisions\/305"}],"wp:attachment":[{"href":"https:\/\/aol.gen.tr\/index.php?rest_route=%2Fwp%2Fv2%2Fmedia&parent=60"}],"curies":[{"name":"wp","href":"https:\/\/api.w.org\/{rel}","templated":true}]}}