{"id":62,"date":"2024-03-16T09:36:07","date_gmt":"2024-03-16T09:36:07","guid":{"rendered":"https:\/\/aol.gen.tr\/?page_id=62"},"modified":"2024-03-17T13:36:46","modified_gmt":"2024-03-17T10:36:46","slug":"nakliyat-sigortasi","status":"publish","type":"page","link":"https:\/\/aol.gen.tr\/?page_id=62","title":{"rendered":"Nakliyat Sigortas\u0131"},"content":{"rendered":"\n<p><font size=\"5\"><strong><mark style=\"background-color:rgba(0, 0, 0, 0)\" class=\"has-inline-color has-secondary-bg-color-color\">Nakliyat Sigortas\u0131<\/mark><\/strong><\/font><\/p>\n\n\n\n<p>Gemi, u\u00e7ak, kamyon ya da tren gibi ara\u00e7larla ta\u015f\u0131nan mallar bu sigorta ile poli\u00e7ede yer alan \u015fartlar ve klozlar uyar\u0131nca bir kaza ya da bir olaya ba\u011fl\u0131 olarak fiziken zarar g\u00f6rmesi durumunda sigorta taraf\u0131ndan teminat alt\u0131na al\u0131n\u0131r.<\/p>\n\n\n\n<p><\/p>\n\n\n\n<p><\/p>\n","protected":false},"excerpt":{"rendered":"<p>Nakliyat Sigortas\u0131 Gemi, u\u00e7ak, kamyon ya da tren gibi ara\u00e7larla ta\u015f\u0131nan mallar bu sigorta ile poli\u00e7ede yer alan \u015fartlar ve klozlar uyar\u0131nca bir kaza ya da bir olaya ba\u011fl\u0131 olarak fiziken zarar g\u00f6rmesi durumunda sigorta taraf\u0131ndan teminat alt\u0131na al\u0131n\u0131r.<\/p>\n","protected":false},"author":1,"featured_media":0,"parent":0,"menu_order":0,"comment_status":"closed","ping_status":"closed","template":"","meta":{"footnotes":""},"class_list":["post-62","page","type-page","status-publish","hentry"],"_links":{"self":[{"href":"https:\/\/aol.gen.tr\/index.php?rest_route=\/wp\/v2\/pages\/62","targetHints":{"allow":["GET"]}}],"collection":[{"href":"https:\/\/aol.gen.tr\/index.php?rest_route=\/wp\/v2\/pages"}],"about":[{"href":"https:\/\/aol.gen.tr\/index.php?rest_route=\/wp\/v2\/types\/page"}],"author":[{"embeddable":true,"href":"https:\/\/aol.gen.tr\/index.php?rest_route=\/wp\/v2\/users\/1"}],"replies":[{"embeddable":true,"href":"https:\/\/aol.gen.tr\/index.php?rest_route=%2Fwp%2Fv2%2Fcomments&post=62"}],"version-history":[{"count":5,"href":"https:\/\/aol.gen.tr\/index.php?rest_route=\/wp\/v2\/pages\/62\/revisions"}],"predecessor-version":[{"id":298,"href":"https:\/\/aol.gen.tr\/index.php?rest_route=\/wp\/v2\/pages\/62\/revisions\/298"}],"wp:attachment":[{"href":"https:\/\/aol.gen.tr\/index.php?rest_route=%2Fwp%2Fv2%2Fmedia&parent=62"}],"curies":[{"name":"wp","href":"https:\/\/api.w.org\/{rel}","templated":true}]}}