{"id":64,"date":"2024-03-16T09:36:36","date_gmt":"2024-03-16T09:36:36","guid":{"rendered":"https:\/\/aol.gen.tr\/?page_id=64"},"modified":"2024-03-17T13:37:53","modified_gmt":"2024-03-17T10:37:53","slug":"seyahat-sigortasi","status":"publish","type":"page","link":"https:\/\/aol.gen.tr\/?page_id=64","title":{"rendered":"Seyahat Sigortas\u0131"},"content":{"rendered":"\n<p><strong><font size=\"5\"><mark style=\"background-color:rgba(0, 0, 0, 0)\" class=\"has-inline-color has-secondary-bg-color-color\">Seyahat Sigortas\u0131<\/mark><\/font><\/strong><\/p>\n\n\n\n<p>Seyahat Sigortas\u0131, sizi ve sevdiklerinizi gerek i\u015f gerekse tatil ama\u00e7l\u0131 seyahatlerinizde kar\u015f\u0131la\u015fabilece\u011finiz aksakl\u0131klara kar\u015f\u0131 g\u00fcvence alt\u0131na al\u0131yor.<br><br>Art\u0131 Olu\u015fum Sigorta Seyahat Sigortas\u0131 ile, m\u00fc\u015fterilerini seyahatleri s\u0131ras\u0131nda beklenmedik ve ani durumlara kar\u015f\u0131 seyahat iptalinden bagaj kayb\u0131na, acil t\u0131bbi nakilden kapka\u00e7a, tedavi masraflar\u0131ndan u\u00e7u\u015f r\u00f6tar\u0131na kadar geni\u015f teminat alt\u0131na al\u0131yor.<br><br>K\u0131sa ve uzun s\u00fcreli seyahatlerde geni\u015f teminat se\u00e7enekleri sunan T\u00fcm D\u00fcnya Seyahat Sigortas\u0131na hemen sahip olabilirsiniz.<br><br>Seyahat Sigortas\u0131 primi se\u00e7ecek oldu\u011funuz sigorta plan\u0131na, seyahat tarihlerine ve do\u011fum tarihine ba\u011fl\u0131 olarak farkl\u0131l\u0131klar g\u00f6stermektedir. &nbsp;<\/p>\n\n\n\n<p><\/p>\n","protected":false},"excerpt":{"rendered":"<p>Seyahat Sigortas\u0131 Seyahat Sigortas\u0131, sizi ve sevdiklerinizi gerek i\u015f gerekse tatil ama\u00e7l\u0131 seyahatlerinizde kar\u015f\u0131la\u015fabilece\u011finiz aksakl\u0131klara kar\u015f\u0131 g\u00fcvence alt\u0131na al\u0131yor. Art\u0131 Olu\u015fum Sigorta Seyahat Sigortas\u0131 ile, m\u00fc\u015fterilerini seyahatleri s\u0131ras\u0131nda beklenmedik ve ani durumlara kar\u015f\u0131 seyahat iptalinden bagaj kayb\u0131na, acil t\u0131bbi nakilden kapka\u00e7a, tedavi masraflar\u0131ndan u\u00e7u\u015f r\u00f6tar\u0131na kadar geni\u015f teminat alt\u0131na al\u0131yor. K\u0131sa ve uzun s\u00fcreli seyahatlerde [&hellip;]<\/p>\n","protected":false},"author":1,"featured_media":0,"parent":0,"menu_order":0,"comment_status":"closed","ping_status":"closed","template":"","meta":{"footnotes":""},"class_list":["post-64","page","type-page","status-publish","hentry"],"_links":{"self":[{"href":"https:\/\/aol.gen.tr\/index.php?rest_route=\/wp\/v2\/pages\/64","targetHints":{"allow":["GET"]}}],"collection":[{"href":"https:\/\/aol.gen.tr\/index.php?rest_route=\/wp\/v2\/pages"}],"about":[{"href":"https:\/\/aol.gen.tr\/index.php?rest_route=\/wp\/v2\/types\/page"}],"author":[{"embeddable":true,"href":"https:\/\/aol.gen.tr\/index.php?rest_route=\/wp\/v2\/users\/1"}],"replies":[{"embeddable":true,"href":"https:\/\/aol.gen.tr\/index.php?rest_route=%2Fwp%2Fv2%2Fcomments&post=64"}],"version-history":[{"count":4,"href":"https:\/\/aol.gen.tr\/index.php?rest_route=\/wp\/v2\/pages\/64\/revisions"}],"predecessor-version":[{"id":301,"href":"https:\/\/aol.gen.tr\/index.php?rest_route=\/wp\/v2\/pages\/64\/revisions\/301"}],"wp:attachment":[{"href":"https:\/\/aol.gen.tr\/index.php?rest_route=%2Fwp%2Fv2%2Fmedia&parent=64"}],"curies":[{"name":"wp","href":"https:\/\/api.w.org\/{rel}","templated":true}]}}