{"id":66,"date":"2024-03-16T09:33:36","date_gmt":"2024-03-16T09:33:36","guid":{"rendered":"https:\/\/aol.gen.tr\/?page_id=66"},"modified":"2024-03-17T13:40:14","modified_gmt":"2024-03-17T10:40:14","slug":"bireysel-emeklilik","status":"publish","type":"page","link":"https:\/\/aol.gen.tr\/?page_id=66","title":{"rendered":"Bireysel Emeklilik"},"content":{"rendered":"\n<p><strong><font size=\"5\"><mark style=\"background-color:rgba(0, 0, 0, 0)\" class=\"has-inline-color has-secondary-bg-color-color\">Bireysel Emeklilik Sistemi;<\/mark><\/font><\/strong><\/p>\n\n\n\n<p>\u00c7al\u0131\u015fma hayat\u0131n\u0131z s\u00fcresince yapt\u0131\u011f\u0131n\u0131z d\u00fczenli tasarruflar\u0131n yat\u0131r\u0131ma y\u00f6nlendirilmesini sa\u011flayarak, olu\u015facak birikimle, \u00e7al\u0131\u015fma d\u00f6neminizde sahip oldu\u011funuz ya\u015fam standartlar\u0131n\u0131 emeklilik d\u00f6neminizde de devam ettirmeyi ama\u00e7layan g\u00f6n\u00fcll\u00fcl\u00fc\u011fe dayal\u0131 bir sistemdir.<\/p>\n\n\n\n<p>BES, mevcut kamu sosyal g\u00fcvenlik sisteminin tamamlay\u0131c\u0131s\u0131 olan ve devlet katk\u0131s\u0131 ile desteklenen bir sistemdir.<\/p>\n\n\n\n<p>Bireysel Emeklilik Sisteminde emekli olmak i\u00e7in, ilk giri\u015f tarihinizden itibaren 10 y\u0131l s\u00fcreyle sistemde bulunmak ko\u015fuluyla 56 ya\u015f\u0131n\u0131z\u0131 tamamlaman\u0131z gerekir.<\/p>\n\n\n\n<p><strong>Bireysel Emeklilik Sistemi ile ilgili bilmeniz gereken hususlar;<\/strong><\/p>\n\n\n\n<p><strong>1.<\/strong> Emeklilik s\u00f6zle\u015fmesi s\u00fcresi i\u00e7inde katk\u0131 pay\u0131 tutar\u0131n\u0131z\u0131 de\u011fi\u015ftirebilirsiniz.<\/p>\n\n\n\n<p><strong>2.<\/strong> S\u00f6zle\u015fmeniz \u015firketimizde akdedilmi\u015f ise birikimin ba\u015fka bir \u015firkete aktar\u0131labilmesi i\u00e7in s\u00f6zle\u015fmenin y\u00fcr\u00fcrl\u00fck tarihinden itibaren en az 2 y\u0131l s\u00fcreyle \u015firketimizde kalmas\u0131 gerekmektedir.<\/p>\n\n\n\n<p><strong>3.<\/strong> E\u011fer s\u00f6zle\u015fmeniz ba\u015fka \u015firketten aktar\u0131mla d\u00fczenlenmi\u015f ise bu s\u00f6zle\u015fmenin tekrar aktar\u0131ma konu olabilmesi i\u00e7in \u015firketimizde en az 1 y\u0131l kalmas\u0131 gerekmektedir.<br>Emeklilik s\u00f6zle\u015fmesi s\u00fcresi i\u00e7inde katk\u0131 pay\u0131 \u00f6demeye ara verebilirsiniz.<\/p>\n\n\n\n<p><strong>4.<\/strong> Bir s\u00f6zle\u015fme y\u0131l\u0131nda en fazla 6 defa fon da\u011f\u0131l\u0131m oran\u0131n\u0131z\u0131 ve 4 defa emeklilik plan\u0131n\u0131z\u0131 de\u011fi\u015ftirebilirsiniz.<br>Emekli olabilmeniz i\u00e7in 10 y\u0131l s\u00fcreyle sistemde kalman\u0131z ve 56 ya\u015f\u0131n\u0131z\u0131 doldurman\u0131z yeterlidir.<\/p>\n\n\n\n<p><strong>5.<\/strong> Emeklili\u011fe hak kazanmadan \u00f6nce diledi\u011finiz anda sistemden ayr\u0131labilirsiniz. Sistemden erken ayr\u0131lma durumunda birikimlerinizden ve Devlet katk\u0131lar\u0131n\u0131n \u00f6demeye konu olan k\u0131s\u0131mlar\u0131ndan stopaj ve varsa giri\u015f aidat\u0131 kesintileri d\u00fc\u015f\u00fcl\u00fcr.<\/p>\n\n\n\n<p><strong>6.<\/strong> Emeklili\u011fe hak kazand\u0131ktan sonra toplu para, programl\u0131 \u00f6deme ya da y\u0131ll\u0131k gelir sigortas\u0131 se\u00e7eneklerinden birini se\u00e7ebilir veya hesab\u0131n\u0131zdaki tutar\u0131 bu se\u00e7enekler aras\u0131nda payla\u015ft\u0131rabilirsiniz.<br><\/p>\n\n\n\n<p><\/p>\n","protected":false},"excerpt":{"rendered":"<p>Bireysel Emeklilik Sistemi; \u00c7al\u0131\u015fma hayat\u0131n\u0131z s\u00fcresince yapt\u0131\u011f\u0131n\u0131z d\u00fczenli tasarruflar\u0131n yat\u0131r\u0131ma y\u00f6nlendirilmesini sa\u011flayarak, olu\u015facak birikimle, \u00e7al\u0131\u015fma d\u00f6neminizde sahip oldu\u011funuz ya\u015fam standartlar\u0131n\u0131 emeklilik d\u00f6neminizde de devam ettirmeyi ama\u00e7layan g\u00f6n\u00fcll\u00fcl\u00fc\u011fe dayal\u0131 bir sistemdir. BES, mevcut kamu sosyal g\u00fcvenlik sisteminin tamamlay\u0131c\u0131s\u0131 olan ve devlet katk\u0131s\u0131 ile desteklenen bir sistemdir. Bireysel Emeklilik Sisteminde emekli olmak i\u00e7in, ilk giri\u015f tarihinizden itibaren [&hellip;]<\/p>\n","protected":false},"author":1,"featured_media":0,"parent":0,"menu_order":0,"comment_status":"closed","ping_status":"closed","template":"","meta":{"footnotes":""},"class_list":["post-66","page","type-page","status-publish","hentry"],"_links":{"self":[{"href":"https:\/\/aol.gen.tr\/index.php?rest_route=\/wp\/v2\/pages\/66","targetHints":{"allow":["GET"]}}],"collection":[{"href":"https:\/\/aol.gen.tr\/index.php?rest_route=\/wp\/v2\/pages"}],"about":[{"href":"https:\/\/aol.gen.tr\/index.php?rest_route=\/wp\/v2\/types\/page"}],"author":[{"embeddable":true,"href":"https:\/\/aol.gen.tr\/index.php?rest_route=\/wp\/v2\/users\/1"}],"replies":[{"embeddable":true,"href":"https:\/\/aol.gen.tr\/index.php?rest_route=%2Fwp%2Fv2%2Fcomments&post=66"}],"version-history":[{"count":8,"href":"https:\/\/aol.gen.tr\/index.php?rest_route=\/wp\/v2\/pages\/66\/revisions"}],"predecessor-version":[{"id":304,"href":"https:\/\/aol.gen.tr\/index.php?rest_route=\/wp\/v2\/pages\/66\/revisions\/304"}],"wp:attachment":[{"href":"https:\/\/aol.gen.tr\/index.php?rest_route=%2Fwp%2Fv2%2Fmedia&parent=66"}],"curies":[{"name":"wp","href":"https:\/\/api.w.org\/{rel}","templated":true}]}}