{"id":68,"date":"2024-03-16T09:33:51","date_gmt":"2024-03-16T09:33:51","guid":{"rendered":"https:\/\/aol.gen.tr\/?page_id=68"},"modified":"2024-03-17T13:43:50","modified_gmt":"2024-03-17T10:43:50","slug":"hayat-sigortasi","status":"publish","type":"page","link":"https:\/\/aol.gen.tr\/?page_id=68","title":{"rendered":"Hayat Sigortas\u0131"},"content":{"rendered":"\n<p><strong><font size=\"5\"><mark style=\"background-color:rgba(0, 0, 0, 0)\" class=\"has-inline-color has-secondary-bg-color-color\">Hayat Sigortas\u0131<\/mark><\/font><\/strong><\/p>\n\n\n\n<p><strong>Hayat Sigortas\u0131 nedir?<\/strong><\/p>\n\n\n\n<p>Hayat Sigortas\u0131, beklenmedik risklere kar\u015f\u0131 sizin ve ailenizin ya\u015fam standartlar\u0131n\u0131n ayn\u0131 ko\u015fullarla korunarak devam etmesini sa\u011flayan bir sigorta \u00fcr\u00fcn\u00fcd\u00fcr.<\/p>\n\n\n\n<p><strong>Hayat Sigortas\u0131 ile Ne T\u00fcr Bir G\u00fcvence Sa\u011flayabilirim?<\/strong><\/p>\n\n\n\n<p>Y\u0131ll\u0131k Hayat Sigortas\u0131 ile temel olarak ya\u015fam kayb\u0131 riski teminat alt\u0131na al\u0131nmaktad\u0131r.<br><br>Sigorta kapsam\u0131nda;<\/p>\n\n\n\n<p>Vefat teminat\u0131,<br>Kaza sonucu vefat teminat\u0131,<br>Kaza sonucu tam ve k\u0131smi maluliyet teminat\u0131,<br>Kaza sonucu tedavi masraflar\u0131 teminat\u0131,<br>Hastal\u0131k sonucu tam ve daimi maluliyet teminat\u0131,<br>Kaza sonucu hastane g\u00fcndelik tazminat teminat\u0131 bulunmaktad\u0131r.<\/p>\n\n\n\n<p>Ya\u015fam kayb\u0131 durumunda \u00f6denecek vefat tazminat\u0131 ile<br>Ge\u00e7iminizi sa\u011flad\u0131\u011f\u0131n\u0131z ailenizin gelir kayb\u0131 ya\u015famas\u0131n\u0131 engelleyebilirsiniz,<br>\u00c7ocuklar\u0131n\u0131z\u0131n e\u011fitimlerini tamamlamas\u0131n\u0131 garantileyebilirsiniz,<br>Ailenize, ya\u015fayacaklar\u0131 s\u0131k\u0131nt\u0131l\u0131 d\u00f6nemde gerekli finansal deste\u011fi sunabilirsiniz,<br>Kaza sonucu riskin olu\u015fmas\u0131 durumunda \u00f6denecek tazminat ile,<br>Bak\u0131m ve tedavi masraflar\u0131n\u0131z\u0131 kar\u015f\u0131layabilirsiniz,<br>\u00c7al\u0131\u015famaman\u0131zdan kaynaklanabilecek gelir kay\u0131plar\u0131n\u0131z\u0131 telafi edebilirsiniz,<br>Ya\u015fam ortam\u0131n\u0131zda gerekebilecek de\u011fi\u015fiklikleri yapabilirsiniz.<\/p>\n\n\n\n<p><\/p>\n","protected":false},"excerpt":{"rendered":"<p>Hayat Sigortas\u0131 Hayat Sigortas\u0131 nedir? Hayat Sigortas\u0131, beklenmedik risklere kar\u015f\u0131 sizin ve ailenizin ya\u015fam standartlar\u0131n\u0131n ayn\u0131 ko\u015fullarla korunarak devam etmesini sa\u011flayan bir sigorta \u00fcr\u00fcn\u00fcd\u00fcr. Hayat Sigortas\u0131 ile Ne T\u00fcr Bir G\u00fcvence Sa\u011flayabilirim? Y\u0131ll\u0131k Hayat Sigortas\u0131 ile temel olarak ya\u015fam kayb\u0131 riski teminat alt\u0131na al\u0131nmaktad\u0131r. Sigorta kapsam\u0131nda; Vefat teminat\u0131,Kaza sonucu vefat teminat\u0131,Kaza sonucu tam ve k\u0131smi [&hellip;]<\/p>\n","protected":false},"author":1,"featured_media":0,"parent":0,"menu_order":0,"comment_status":"closed","ping_status":"closed","template":"","meta":{"footnotes":""},"class_list":["post-68","page","type-page","status-publish","hentry"],"_links":{"self":[{"href":"https:\/\/aol.gen.tr\/index.php?rest_route=\/wp\/v2\/pages\/68","targetHints":{"allow":["GET"]}}],"collection":[{"href":"https:\/\/aol.gen.tr\/index.php?rest_route=\/wp\/v2\/pages"}],"about":[{"href":"https:\/\/aol.gen.tr\/index.php?rest_route=\/wp\/v2\/types\/page"}],"author":[{"embeddable":true,"href":"https:\/\/aol.gen.tr\/index.php?rest_route=\/wp\/v2\/users\/1"}],"replies":[{"embeddable":true,"href":"https:\/\/aol.gen.tr\/index.php?rest_route=%2Fwp%2Fv2%2Fcomments&post=68"}],"version-history":[{"count":6,"href":"https:\/\/aol.gen.tr\/index.php?rest_route=\/wp\/v2\/pages\/68\/revisions"}],"predecessor-version":[{"id":308,"href":"https:\/\/aol.gen.tr\/index.php?rest_route=\/wp\/v2\/pages\/68\/revisions\/308"}],"wp:attachment":[{"href":"https:\/\/aol.gen.tr\/index.php?rest_route=%2Fwp%2Fv2%2Fmedia&parent=68"}],"curies":[{"name":"wp","href":"https:\/\/api.w.org\/{rel}","templated":true}]}}