{"id":72,"date":"2024-03-16T09:35:25","date_gmt":"2024-03-16T09:35:25","guid":{"rendered":"https:\/\/aol.gen.tr\/?page_id=72"},"modified":"2024-03-17T13:45:14","modified_gmt":"2024-03-17T10:45:14","slug":"ferdi-kaza-sigortasi","status":"publish","type":"page","link":"https:\/\/aol.gen.tr\/?page_id=72","title":{"rendered":"Ferdi Kaza Sigortas\u0131"},"content":{"rendered":"\n<p><strong><font size=\"5\"><mark style=\"background-color:rgba(0, 0, 0, 0)\" class=\"has-inline-color has-secondary-bg-color-color\">Ferdi Kaza Sigortas\u0131<\/mark><\/font><\/strong><\/p>\n\n\n\n<p>Sigortal\u0131n\u0131n veya yak\u0131nlar\u0131n\u0131n kaza sonucu hayat\u0131n\u0131 kaybetmesi veya kal\u0131c\u0131 sakatl\u0131\u011f\u0131 s\u00f6z konusu oldu\u011funda, belirtilen limitler do\u011frultusunda sigorta bedeli menfaatdarlara veya kanuni hak sahiplerine \u00f6denir.<\/p>\n\n\n\n<p><strong>Vefat<\/strong><br>Bir kaza sonucu vefat halinde poli\u00e7ede belirtilen sigorta bedeli, poli\u00e7ede g\u00f6sterilen menfaat sahiplerine, yoksa kanuni hak sahiplerine \u00f6denir<\/p>\n\n\n\n<p><strong>Kal\u0131c\u0131 Sakatl\u0131klar<\/strong><br>Bir kaza sonucunda derhal veya en ge\u00e7 iki y\u0131l i\u00e7erisinde kal\u0131c\u0131 sakatl\u0131k hali ortaya \u00e7\u0131karsa, sakatl\u0131\u011f\u0131n t\u00fcr\u00fcne g\u00f6re sigorta bedelinin belirli bir oran\u0131 sigortal\u0131ya \u00f6denir.<br><br><strong>Ek Teminatlar<\/strong><br>G\u00fcndelik tazminat<br>Kaza sonucunda ge\u00e7ici bir s\u00fcre \u00e7al\u0131\u015famayacak duruma d\u00fc\u015f\u00fcld\u00fc\u011f\u00fcnde, sigortal\u0131n\u0131n g\u00fcndelik tazminat talebi poli\u00e7e kapsam\u0131 ve \u015fartlar\u0131 dahilinde kar\u015f\u0131lan\u0131r.<br><br><strong>Tedavi Masraflar\u0131<br><\/strong>Bu teminat\u0131n al\u0131nmas\u0131 ile kaza g\u00fcn\u00fcnden itibaren bir sene zarf\u0131nda poli\u00e7ede belirtilen limitler dahilinde doktor \u00fccreti, ila\u00e7, hastane ve di\u011fer tedavi masraflar\u0131 (nakil \u00fccretleri hari\u00e7) kar\u015f\u0131lan\u0131r.<\/p>\n\n\n\n<p><\/p>\n","protected":false},"excerpt":{"rendered":"<p>Ferdi Kaza Sigortas\u0131 Sigortal\u0131n\u0131n veya yak\u0131nlar\u0131n\u0131n kaza sonucu hayat\u0131n\u0131 kaybetmesi veya kal\u0131c\u0131 sakatl\u0131\u011f\u0131 s\u00f6z konusu oldu\u011funda, belirtilen limitler do\u011frultusunda sigorta bedeli menfaatdarlara veya kanuni hak sahiplerine \u00f6denir. VefatBir kaza sonucu vefat halinde poli\u00e7ede belirtilen sigorta bedeli, poli\u00e7ede g\u00f6sterilen menfaat sahiplerine, yoksa kanuni hak sahiplerine \u00f6denir Kal\u0131c\u0131 Sakatl\u0131klarBir kaza sonucunda derhal veya en ge\u00e7 iki y\u0131l [&hellip;]<\/p>\n","protected":false},"author":1,"featured_media":0,"parent":0,"menu_order":0,"comment_status":"closed","ping_status":"closed","template":"","meta":{"footnotes":""},"class_list":["post-72","page","type-page","status-publish","hentry"],"_links":{"self":[{"href":"https:\/\/aol.gen.tr\/index.php?rest_route=\/wp\/v2\/pages\/72","targetHints":{"allow":["GET"]}}],"collection":[{"href":"https:\/\/aol.gen.tr\/index.php?rest_route=\/wp\/v2\/pages"}],"about":[{"href":"https:\/\/aol.gen.tr\/index.php?rest_route=\/wp\/v2\/types\/page"}],"author":[{"embeddable":true,"href":"https:\/\/aol.gen.tr\/index.php?rest_route=\/wp\/v2\/users\/1"}],"replies":[{"embeddable":true,"href":"https:\/\/aol.gen.tr\/index.php?rest_route=%2Fwp%2Fv2%2Fcomments&post=72"}],"version-history":[{"count":6,"href":"https:\/\/aol.gen.tr\/index.php?rest_route=\/wp\/v2\/pages\/72\/revisions"}],"predecessor-version":[{"id":309,"href":"https:\/\/aol.gen.tr\/index.php?rest_route=\/wp\/v2\/pages\/72\/revisions\/309"}],"wp:attachment":[{"href":"https:\/\/aol.gen.tr\/index.php?rest_route=%2Fwp%2Fv2%2Fmedia&parent=72"}],"curies":[{"name":"wp","href":"https:\/\/api.w.org\/{rel}","templated":true}]}}