{"id":74,"date":"2024-03-16T09:34:45","date_gmt":"2024-03-16T09:34:45","guid":{"rendered":"https:\/\/aol.gen.tr\/?page_id=74"},"modified":"2024-03-17T13:31:44","modified_gmt":"2024-03-17T10:31:44","slug":"dogum-sigortasi","status":"publish","type":"page","link":"https:\/\/aol.gen.tr\/?page_id=74","title":{"rendered":"Do\u011fum Sigortas\u0131"},"content":{"rendered":"\n<p><font size=\"5\"><mark style=\"background-color:rgba(0, 0, 0, 0)\" class=\"has-inline-color has-secondary-bg-color-color\"><strong>Do\u011fum Sigortas\u0131<\/strong><\/mark><\/font><\/p>\n\n\n\n<p>Nerede do\u011fum yapacaks\u0131n\u0131z?<br>Hamilelik ve do\u011fum s\u00fcrecinin toplam maliyeti ne kadar olacak?<br>Sizi nas\u0131l bir s\u00fcre\u00e7 bekliyor gibi sorular\u0131 sormaya ba\u015flad\u0131n\u0131z de\u011fil mi?<br><br>Art\u0131k \u00f6zel sa\u011fl\u0131k sigortalar\u0131nda oldu\u011fu gibi hamilelik ve do\u011fum giderlerinizin kar\u015f\u0131lanmas\u0131 i\u00e7in en az bir y\u0131l beklemenize gerek yok.<\/p>\n\n\n\n<p>Hamilelik ger\u00e7ekle\u015fmi\u015f olsa bile bir do\u011fum sigortas\u0131 sat\u0131n alabilirsiniz.\u00dclkemizde sadece Halk Sigortan\u0131n uygulamaya koydu\u011fu poli\u00e7e ile anla\u015fma yap\u0131lm\u0131\u015f \u00f6zel hastanelerde gerek muayenelerinizi gerekse de rutin kontrolllerinizi yapt\u0131rabilir ve g\u00fcvenle do\u011fumunuzu ger\u00e7ekle\u015ftirebilirsiniz.\u00dcstelik t\u00fcm bunlar i\u00e7in herhengi bir fark \u00f6demek durumunda kalmazs\u0131n\u0131z.<\/p>\n\n\n\n<p>Poli\u00e7enin hangi hastanelerde ge\u00e7erli oldu\u011fu, paketlerin fiyatlar\u0131 ve uygulaman\u0131n nas\u0131l oldu\u011funa ili\u015fkin bilgileri size aktarabilmemiz i\u00e7in bizimle ba\u011flant\u0131ya ge\u00e7meniz yeterli olacakt\u0131r.<\/p>\n\n\n\n<p><\/p>\n","protected":false},"excerpt":{"rendered":"<p>Do\u011fum Sigortas\u0131 Nerede do\u011fum yapacaks\u0131n\u0131z?Hamilelik ve do\u011fum s\u00fcrecinin toplam maliyeti ne kadar olacak?Sizi nas\u0131l bir s\u00fcre\u00e7 bekliyor gibi sorular\u0131 sormaya ba\u015flad\u0131n\u0131z de\u011fil mi? Art\u0131k \u00f6zel sa\u011fl\u0131k sigortalar\u0131nda oldu\u011fu gibi hamilelik ve do\u011fum giderlerinizin kar\u015f\u0131lanmas\u0131 i\u00e7in en az bir y\u0131l beklemenize gerek yok. Hamilelik ger\u00e7ekle\u015fmi\u015f olsa bile bir do\u011fum sigortas\u0131 sat\u0131n alabilirsiniz.\u00dclkemizde sadece Halk Sigortan\u0131n uygulamaya [&hellip;]<\/p>\n","protected":false},"author":1,"featured_media":0,"parent":0,"menu_order":0,"comment_status":"closed","ping_status":"closed","template":"","meta":{"footnotes":""},"class_list":["post-74","page","type-page","status-publish","hentry"],"_links":{"self":[{"href":"https:\/\/aol.gen.tr\/index.php?rest_route=\/wp\/v2\/pages\/74","targetHints":{"allow":["GET"]}}],"collection":[{"href":"https:\/\/aol.gen.tr\/index.php?rest_route=\/wp\/v2\/pages"}],"about":[{"href":"https:\/\/aol.gen.tr\/index.php?rest_route=\/wp\/v2\/types\/page"}],"author":[{"embeddable":true,"href":"https:\/\/aol.gen.tr\/index.php?rest_route=\/wp\/v2\/users\/1"}],"replies":[{"embeddable":true,"href":"https:\/\/aol.gen.tr\/index.php?rest_route=%2Fwp%2Fv2%2Fcomments&post=74"}],"version-history":[{"count":5,"href":"https:\/\/aol.gen.tr\/index.php?rest_route=\/wp\/v2\/pages\/74\/revisions"}],"predecessor-version":[{"id":290,"href":"https:\/\/aol.gen.tr\/index.php?rest_route=\/wp\/v2\/pages\/74\/revisions\/290"}],"wp:attachment":[{"href":"https:\/\/aol.gen.tr\/index.php?rest_route=%2Fwp%2Fv2%2Fmedia&parent=74"}],"curies":[{"name":"wp","href":"https:\/\/api.w.org\/{rel}","templated":true}]}}