{"id":8,"date":"2024-03-16T08:04:56","date_gmt":"2024-03-16T08:04:56","guid":{"rendered":"https:\/\/aol.gen.tr\/?page_id=8"},"modified":"2024-03-17T13:36:27","modified_gmt":"2024-03-17T10:36:27","slug":"kurumsal","status":"publish","type":"page","link":"https:\/\/aol.gen.tr\/?page_id=8","title":{"rendered":"Kurumsal"},"content":{"rendered":"\n<p><strong><font size=\"5\"><mark style=\"background-color:rgba(0, 0, 0, 0)\" class=\"has-inline-color has-secondary-bg-color-color\">Hakk\u0131m\u0131zda<\/mark><\/font><\/strong><\/p>\n\n\n\n<p><mark style=\"background-color:rgba(0, 0, 0, 0);color:#800000\" class=\"has-inline-color\"><strong>Ne istedi\u011finizi \u00e7ok iyi biliyoruz.<br><\/strong><\/mark>\u0130htiya\u00e7 duydu\u011funuzda hemen ula\u015fmak istiyorsunuz, do\u011fru y\u00f6nlendirme ve deste\u011fi almak istiyorsunuz. Onca i\u015finiz g\u00fcc\u00fcn\u00fcz\u00fcn yan\u0131nda sigorta i\u015flerinizi g\u00fcvendi\u011finiz birisinin takip etmesini istiyorsunuz. Tek bir se\u00e7ene\u011fe mecbur olmadan bir \u00e7ok alternatifin size sunulmas\u0131n\u0131 istiyorsunuz ve t\u00fcm bunlar\u0131 en uygun fiyata almak istiyorsunuz.<br><br><mark style=\"background-color:rgba(0, 0, 0, 0);color:#800000\" class=\"has-inline-color\"><strong>Do\u011fru Yerdesiniz.<br><\/strong><\/mark>Yakla\u015f\u0131k 20 y\u0131ldan bu yana sekt\u00f6r\u00fcn i\u00e7indeyiz, olabilecek bir\u00e7ok noktada bulunduk; m\u00fc\u015fteri olduk, \u015firketi \u00e7al\u0131\u015fan\u0131 olduk, \u015fimdi ise acenteyiz. \u00dclkemizin en b\u00fcy\u00fck ve uluslararas\u0131 bilinirli\u011fi olan \u015firketlerinde \u00e7al\u0131\u015ft\u0131k, farkl\u0131 pozisyonlarda bulunduk ,y\u00f6neticilik yapt\u0131k. De\u011fi\u015fim ve geli\u015fimin g\u00fcc\u00fcne inan\u0131yoruz, onun i\u00e7in s\u00fcrekli kendimizi yenilemeye \u00e7al\u0131\u015f\u0131yoruz.<br><br>\u00c7al\u0131\u015fmay\u0131 \u00e7ok seviyoruz, \u015eimdiye kadar hep mutluluk ve memnuniyet yaratt\u0131k bundan sonra da telefonlar\u0131m\u0131z hep memnuniyet i\u00e7in \u00e7als\u0131n istiyoruz. Operasyon kalitesinin i\u015fin kalitesine\u00a0 \u00f6nemli etkilerinin oldu\u011funu \u00e7ok iyi biliyoruz onun i\u00e7in i\u015finde uzman tak\u0131m arkada\u015flar\u0131 ile \u00e7al\u0131\u015f\u0131yoruz.<br><\/p>\n\n\n\n<p><\/p>\n","protected":false},"excerpt":{"rendered":"<p>Hakk\u0131m\u0131zda Ne istedi\u011finizi \u00e7ok iyi biliyoruz.\u0130htiya\u00e7 duydu\u011funuzda hemen ula\u015fmak istiyorsunuz, do\u011fru y\u00f6nlendirme ve deste\u011fi almak istiyorsunuz. Onca i\u015finiz g\u00fcc\u00fcn\u00fcz\u00fcn yan\u0131nda sigorta i\u015flerinizi g\u00fcvendi\u011finiz birisinin takip etmesini istiyorsunuz. Tek bir se\u00e7ene\u011fe mecbur olmadan bir \u00e7ok alternatifin size sunulmas\u0131n\u0131 istiyorsunuz ve t\u00fcm bunlar\u0131 en uygun fiyata almak istiyorsunuz. Do\u011fru Yerdesiniz.Yakla\u015f\u0131k 20 y\u0131ldan bu yana sekt\u00f6r\u00fcn i\u00e7indeyiz, olabilecek [&hellip;]<\/p>\n","protected":false},"author":1,"featured_media":0,"parent":0,"menu_order":0,"comment_status":"closed","ping_status":"closed","template":"","meta":{"footnotes":""},"class_list":["post-8","page","type-page","status-publish","hentry"],"_links":{"self":[{"href":"https:\/\/aol.gen.tr\/index.php?rest_route=\/wp\/v2\/pages\/8","targetHints":{"allow":["GET"]}}],"collection":[{"href":"https:\/\/aol.gen.tr\/index.php?rest_route=\/wp\/v2\/pages"}],"about":[{"href":"https:\/\/aol.gen.tr\/index.php?rest_route=\/wp\/v2\/types\/page"}],"author":[{"embeddable":true,"href":"https:\/\/aol.gen.tr\/index.php?rest_route=\/wp\/v2\/users\/1"}],"replies":[{"embeddable":true,"href":"https:\/\/aol.gen.tr\/index.php?rest_route=%2Fwp%2Fv2%2Fcomments&post=8"}],"version-history":[{"count":5,"href":"https:\/\/aol.gen.tr\/index.php?rest_route=\/wp\/v2\/pages\/8\/revisions"}],"predecessor-version":[{"id":297,"href":"https:\/\/aol.gen.tr\/index.php?rest_route=\/wp\/v2\/pages\/8\/revisions\/297"}],"wp:attachment":[{"href":"https:\/\/aol.gen.tr\/index.php?rest_route=%2Fwp%2Fv2%2Fmedia&parent=8"}],"curies":[{"name":"wp","href":"https:\/\/api.w.org\/{rel}","templated":true}]}}