{"id":9,"date":"2024-03-16T08:04:56","date_gmt":"2024-03-16T08:04:56","guid":{"rendered":"https:\/\/aol.gen.tr\/?page_id=9"},"modified":"2024-03-17T13:30:29","modified_gmt":"2024-03-17T10:30:29","slug":"urunler","status":"publish","type":"page","link":"https:\/\/aol.gen.tr\/?page_id=9","title":{"rendered":"\u00dcr\u00fcnler"},"content":{"rendered":"\n<p><strong><font size=\"5\"><mark style=\"background-color:rgba(0, 0, 0, 0)\" class=\"has-inline-color has-secondary-bg-color-color\">\u00dcr\u00fcnlerimiz<\/mark><\/font><\/strong><\/p>\n\n\n\n<p><strong><a href=\"https:\/\/aol.gen.tr\/?page_id=58\">Kasko<\/a><\/strong><\/p>\n\n\n\n<p><strong><a href=\"https:\/\/aol.gen.tr\/?page_id=263\">Trafik Sigortas\u0131<\/a><\/strong><\/p>\n\n\n\n<p><strong><a href=\"https:\/\/aol.gen.tr\/?page_id=72\">Ferdi Kaza Sigortas\u0131<\/a><\/strong><\/p>\n\n\n\n<p><strong><a href=\"https:\/\/aol.gen.tr\/?page_id=68\">Hayat Sigortas\u0131<\/a><\/strong><\/p>\n\n\n\n<p><strong><a href=\"https:\/\/aol.gen.tr\/?page_id=60\">Konut Sigortas\u0131<\/a><\/strong><\/p>\n\n\n\n<p><strong><a href=\"https:\/\/aol.gen.tr\/?page_id=60\">\u0130\u015fyeri Sigortas\u0131<\/a><\/strong><\/p>\n\n\n\n<p><strong><a href=\"https:\/\/aol.gen.tr\/?page_id=270\">DASK<\/a><\/strong><\/p>\n\n\n\n<p><strong><a href=\"https:\/\/aol.gen.tr\/?page_id=70\">Sa\u011fl\u0131k Sigortas\u0131<\/a><\/strong><\/p>\n\n\n\n<p><strong><a href=\"https:\/\/aol.gen.tr\/?page_id=66\">Bireysel Emeklilik<\/a><\/strong><\/p>\n\n\n\n<p><strong><a href=\"https:\/\/aol.gen.tr\/?page_id=64\">Seyahat Sigortas\u0131<\/a><\/strong><\/p>\n\n\n\n<p><strong><a href=\"https:\/\/aol.gen.tr\/?page_id=62\">Nakliyat Sigortas\u0131<\/a><\/strong><\/p>\n\n\n\n<p><strong><a href=\"https:\/\/aol.gen.tr\/?page_id=74\">Do\u011fum Sigortas\u0131<\/a><\/strong><\/p>\n\n\n\n<p><\/p>\n","protected":false},"excerpt":{"rendered":"<p>\u00dcr\u00fcnlerimiz Kasko Trafik Sigortas\u0131 Ferdi Kaza Sigortas\u0131 Hayat Sigortas\u0131 Konut Sigortas\u0131 \u0130\u015fyeri Sigortas\u0131 DASK Sa\u011fl\u0131k Sigortas\u0131 Bireysel Emeklilik Seyahat Sigortas\u0131 Nakliyat Sigortas\u0131 Do\u011fum Sigortas\u0131<\/p>\n","protected":false},"author":1,"featured_media":0,"parent":0,"menu_order":0,"comment_status":"closed","ping_status":"closed","template":"","meta":{"footnotes":""},"class_list":["post-9","page","type-page","status-publish","hentry"],"_links":{"self":[{"href":"https:\/\/aol.gen.tr\/index.php?rest_route=\/wp\/v2\/pages\/9","targetHints":{"allow":["GET"]}}],"collection":[{"href":"https:\/\/aol.gen.tr\/index.php?rest_route=\/wp\/v2\/pages"}],"about":[{"href":"https:\/\/aol.gen.tr\/index.php?rest_route=\/wp\/v2\/types\/page"}],"author":[{"embeddable":true,"href":"https:\/\/aol.gen.tr\/index.php?rest_route=\/wp\/v2\/users\/1"}],"replies":[{"embeddable":true,"href":"https:\/\/aol.gen.tr\/index.php?rest_route=%2Fwp%2Fv2%2Fcomments&post=9"}],"version-history":[{"count":8,"href":"https:\/\/aol.gen.tr\/index.php?rest_route=\/wp\/v2\/pages\/9\/revisions"}],"predecessor-version":[{"id":286,"href":"https:\/\/aol.gen.tr\/index.php?rest_route=\/wp\/v2\/pages\/9\/revisions\/286"}],"wp:attachment":[{"href":"https:\/\/aol.gen.tr\/index.php?rest_route=%2Fwp%2Fv2%2Fmedia&parent=9"}],"curies":[{"name":"wp","href":"https:\/\/api.w.org\/{rel}","templated":true}]}}